{"id":14,"date":"2023-06-27T09:18:45","date_gmt":"2023-06-27T09:18:45","guid":{"rendered":"https:\/\/wtzsroda.pl\/?page_id=14"},"modified":"2023-06-27T09:59:14","modified_gmt":"2023-06-27T09:59:14","slug":"kontakt","status":"publish","type":"page","link":"https:\/\/wtzsroda.pl\/index.php\/kontakt\/","title":{"rendered":"Kontakt"},"content":{"rendered":"\n<h2 class=\"wp-block-heading\"><\/h2>\n\n\n\n<p>Pracujemy od poniedzia\u0142ku do pi\u0105tku<br>w godz. od 7:00 do 15:00<\/p>\n\n\n\n<p><a href=\"#\">wtzsroda@o2.pl<\/a><\/p>\n\n\n\n<p>61 285 88 66<br>FAX: 61 285 88 66<\/p>\n\n\n\n<p>Addres: Ul. Ko\u015bciuszki 6B<br>63-000 \u015aroda Wlkp.<\/p>\n\n\n\n<p><\/p>\n\n\n\n<p>Pracownie przy ul. Harcerskiej<\/p>\n\n\n\n<h2 class=\"wp-block-heading\"><canvas width=\"122\" height=\"38\"><\/canvas><canvas width=\"99\" height=\"38\"><\/canvas><canvas width=\"205\" height=\"38\"><\/canvas><\/h2>\n\n\n\n<p>Ul. Harcerska 20<br>63-000 \u015aroda Wklp.<br>kom. 603-820-110<\/p>\n","protected":false},"excerpt":{"rendered":"<p>Pracujemy od poniedzia\u0142ku do pi\u0105tkuw godz. od 7:00 do 15:00 wtzsroda@o2.pl 61 285 88 66FAX: 61 285 88 66 Addres: Ul. Ko\u015bciuszki 6B63-000 \u015aroda Wlkp.&hellip;<\/p>\n","protected":false},"author":1,"featured_media":0,"parent":0,"menu_order":0,"comment_status":"closed","ping_status":"closed","template":"","meta":{"footnotes":""},"class_list":["post-14","page","type-page","status-publish","hentry"],"_links":{"self":[{"href":"https:\/\/wtzsroda.pl\/index.php\/wp-json\/wp\/v2\/pages\/14","targetHints":{"allow":["GET"]}}],"collection":[{"href":"https:\/\/wtzsroda.pl\/index.php\/wp-json\/wp\/v2\/pages"}],"about":[{"href":"https:\/\/wtzsroda.pl\/index.php\/wp-json\/wp\/v2\/types\/page"}],"author":[{"embeddable":true,"href":"https:\/\/wtzsroda.pl\/index.php\/wp-json\/wp\/v2\/users\/1"}],"replies":[{"embeddable":true,"href":"https:\/\/wtzsroda.pl\/index.php\/wp-json\/wp\/v2\/comments?post=14"}],"version-history":[{"count":2,"href":"https:\/\/wtzsroda.pl\/index.php\/wp-json\/wp\/v2\/pages\/14\/revisions"}],"predecessor-version":[{"id":68,"href":"https:\/\/wtzsroda.pl\/index.php\/wp-json\/wp\/v2\/pages\/14\/revisions\/68"}],"wp:attachment":[{"href":"https:\/\/wtzsroda.pl\/index.php\/wp-json\/wp\/v2\/media?parent=14"}],"curies":[{"name":"wp","href":"https:\/\/api.w.org\/{rel}","templated":true}]}}