{"id":2,"date":"2023-06-27T09:14:32","date_gmt":"2023-06-27T09:14:32","guid":{"rendered":"http:\/\/wtzsroda.pl\/?page_id=2"},"modified":"2023-06-27T10:59:04","modified_gmt":"2023-06-27T10:59:04","slug":"sample-page","status":"publish","type":"page","link":"https:\/\/wtzsroda.pl\/","title":{"rendered":"Warsztat Terapii Zaj\u0119ciowej w \u015arodzie Wielkopolskiej"},"content":{"rendered":"\n<div class=\"wp-block-group\"><div class=\"wp-block-group__inner-container is-layout-constrained wp-block-group-is-layout-constrained\">\n<p class=\"has-text-align-center\" style=\"font-size:27px\">Zapraszamy do \u015bledzenia nas w mediach spo\u0142eczno\u015bciowych<\/p>\n\n\n\n<p class=\"has-text-align-center\" style=\"font-size:27px\"><strong>www.facebook.pl\/wtzsroda<\/strong><\/p>\n<\/div><\/div>\n\n\n\n<p><\/p>\n\n\n\n<p><\/p>\n\n\n\n<div class=\"wp-block-query is-layout-flow wp-block-query-is-layout-flow\"><ul class=\"wp-block-post-template is-layout-flow wp-block-post-template-is-layout-flow\"><li class=\"wp-block-post post-70 post type-post status-publish format-standard has-post-thumbnail hentry category-uncategorized\">\n\n<div class=\"wp-block-columns alignwide is-layout-flex wp-container-core-columns-is-layout-9d6595d7 wp-block-columns-is-layout-flex\">\n<div class=\"wp-block-column is-layout-flow wp-block-column-is-layout-flow\" style=\"flex-basis:45%\"><figure class=\"alignleft wp-block-post-featured-image\"><a href=\"https:\/\/wtzsroda.pl\/index.php\/2020\/11\/23\/realizujemy-projekt-bezpieczny-wtz\/\" target=\"_self\"  ><img loading=\"lazy\" decoding=\"async\" width=\"650\" height=\"312\" src=\"https:\/\/wtzsroda.pl\/wp-content\/uploads\/2023\/06\/20201123.png\" class=\"attachment-post-thumbnail size-post-thumbnail wp-post-image\" alt=\"Realizujemy projekt &#8220;Bezpieczny WTZ&#8221;\" style=\"object-fit:cover;\" srcset=\"https:\/\/wtzsroda.pl\/wp-content\/uploads\/2023\/06\/20201123.png 650w, https:\/\/wtzsroda.pl\/wp-content\/uploads\/2023\/06\/20201123-300x144.png 300w\" sizes=\"auto, (max-width: 650px) 100vw, 650px\" \/><\/a><\/figure><\/div>\n\n\n\n<div class=\"wp-block-column is-layout-flow wp-block-column-is-layout-flow\" style=\"flex-basis:33.33%\"><div class=\"wp-block-post-date\"><time datetime=\"2020-11-23T10:37:00+00:00\">November 23, 2020<\/time><\/div>\n\n<h2 class=\"wp-block-post-title\"><a href=\"https:\/\/wtzsroda.pl\/index.php\/2020\/11\/23\/realizujemy-projekt-bezpieczny-wtz\/\" target=\"_self\" >Realizujemy projekt &#8220;Bezpieczny WTZ&#8221;<\/a><\/h2>\n\n<div class=\"wp-block-post-excerpt\"><p class=\"wp-block-post-excerpt__excerpt\">Informujemy, i\u017c w naszym WTZ realizowany jest grant &#8220;Bezpieczne WTZ i rehabilitacja spo\u0142eczno-zawodowa os\u00f3b z niepe\u0142nosprawno\u015bciami&#8221;.Dzi\u0119ki Funduszom Europejskim uda\u0142o nam si\u0119 doposa\u017cy\u0107 WTZ w \u015brodki&hellip; <\/p><\/div>\n\n\n<hr class=\"wp-block-separator has-alpha-channel-opacity\"\/>\n<\/div>\n<\/div>\n\n<\/li><li class=\"wp-block-post post-74 post type-post status-publish format-standard hentry category-uncategorized\">\n\n<div class=\"wp-block-columns alignwide is-layout-flex wp-container-core-columns-is-layout-9d6595d7 wp-block-columns-is-layout-flex\">\n<div class=\"wp-block-column is-layout-flow wp-block-column-is-layout-flow\" style=\"flex-basis:45%\"><\/div>\n\n\n\n<div class=\"wp-block-column is-layout-flow wp-block-column-is-layout-flow\" style=\"flex-basis:33.33%\"><div class=\"wp-block-post-date\"><time datetime=\"2019-11-07T10:39:00+00:00\">November 7, 2019<\/time><\/div>\n\n<h2 class=\"wp-block-post-title\"><a href=\"https:\/\/wtzsroda.pl\/index.php\/2019\/11\/07\/zapraszamy-na-wernisaz\/\" target=\"_self\" >Zapraszamy na wernisa\u017c<\/a><\/h2>\n\n<div class=\"wp-block-post-excerpt\"><p class=\"wp-block-post-excerpt__excerpt\">Warsztat Terapii Zaj\u0119ciowej w \u015arodzie zaprasza na wyj\u0105tkow\u0105 wystaw\u0119 wie\u0144cz\u0105c\u0105 obchody 20-lecia dzia\u0142alno\u015bci plac\u00f3wki. Zaprezentowane eksponaty i instalacje stanowi\u0105 odzwierciedlenie nabytych umiej\u0119tno\u015bci i do\u015bwiadcze\u0144 podopiecznych,&hellip; <\/p><\/div>\n\n\n<hr class=\"wp-block-separator has-alpha-channel-opacity\"\/>\n<\/div>\n<\/div>\n\n<\/li><\/ul><\/div>\n\n\n\n<p><\/p>\n","protected":false},"excerpt":{"rendered":"<p>Zapraszamy do \u015bledzenia nas w mediach spo\u0142eczno\u015bciowych www.facebook.pl\/wtzsroda<\/p>\n","protected":false},"author":1,"featured_media":0,"parent":0,"menu_order":0,"comment_status":"closed","ping_status":"open","template":"","meta":{"footnotes":""},"class_list":["post-2","page","type-page","status-publish","hentry"],"_links":{"self":[{"href":"https:\/\/wtzsroda.pl\/index.php\/wp-json\/wp\/v2\/pages\/2","targetHints":{"allow":["GET"]}}],"collection":[{"href":"https:\/\/wtzsroda.pl\/index.php\/wp-json\/wp\/v2\/pages"}],"about":[{"href":"https:\/\/wtzsroda.pl\/index.php\/wp-json\/wp\/v2\/types\/page"}],"author":[{"embeddable":true,"href":"https:\/\/wtzsroda.pl\/index.php\/wp-json\/wp\/v2\/users\/1"}],"replies":[{"embeddable":true,"href":"https:\/\/wtzsroda.pl\/index.php\/wp-json\/wp\/v2\/comments?post=2"}],"version-history":[{"count":9,"href":"https:\/\/wtzsroda.pl\/index.php\/wp-json\/wp\/v2\/pages\/2\/revisions"}],"predecessor-version":[{"id":90,"href":"https:\/\/wtzsroda.pl\/index.php\/wp-json\/wp\/v2\/pages\/2\/revisions\/90"}],"wp:attachment":[{"href":"https:\/\/wtzsroda.pl\/index.php\/wp-json\/wp\/v2\/media?parent=2"}],"curies":[{"name":"wp","href":"https:\/\/api.w.org\/{rel}","templated":true}]}}