{"id":39,"date":"2023-06-27T09:23:41","date_gmt":"2023-06-27T09:23:41","guid":{"rendered":"https:\/\/wtzsroda.pl\/?page_id=39"},"modified":"2023-06-27T09:41:04","modified_gmt":"2023-06-27T09:41:04","slug":"o-wtz","status":"publish","type":"page","link":"https:\/\/wtzsroda.pl\/index.php\/o-wtz\/","title":{"rendered":"O WTZ"},"content":{"rendered":"\n<p><strong>Warsztat Terapii Zaj\u0119ciowej w \u015arodzie Wlkp. istnieje od stycznia 1999r., a jego jednostk\u0105 prowadz\u0105ca jest Stowarzyszenie Pomocy &#8220;SOS&#8221; w \u015arodzie Wlkp.<\/strong><\/p>\n\n\n\n<figure class=\"wp-block-image size-full\"><img loading=\"lazy\" decoding=\"async\" width=\"625\" height=\"205\" src=\"https:\/\/wtzsroda.pl\/wp-content\/uploads\/2023\/06\/wtz_top.jpg\" alt=\"\" class=\"wp-image-56\" srcset=\"https:\/\/wtzsroda.pl\/wp-content\/uploads\/2023\/06\/wtz_top.jpg 625w, https:\/\/wtzsroda.pl\/wp-content\/uploads\/2023\/06\/wtz_top-300x98.jpg 300w\" sizes=\"auto, (max-width: 625px) 100vw, 625px\" \/><\/figure>\n\n\n\n<p>Plac\u00f3wka realizuje zadania w zakresie rehabilitacji spo\u0142ecznej, zawodowej i medycznej zmierzaj\u0105cej do og\u00f3lnego rozwoju i poprawy sprawno\u015bci ka\u017cdego uczestnika, do mo\u017cliwie niezale\u017cnego, samodzielnego i aktywnego \u017cycia w \u015brodowisku. Realizacja tego celu odbywa si\u0119 m.in. poprzez:<br>og\u00f3lne usprawnianie,<br>rozwijania umiej\u0119tno\u015bci \u017cycia codziennego oraz zaradno\u015bci osobistej,<br>rozwijanie umiej\u0119tno\u015bci przy zastosowaniu r\u00f3\u017cnych technik terapii zaj\u0119ciowej,<br>popraw\u0119 kondycji psychicznej i fizycznej,<br>rozwijania psychofizycznych sprawno\u015bci niezb\u0119dnych do podj\u0119cia pracy zawodowej.<br>Czas trwania zaj\u0119\u0107 wynosi 35 godzin tygodniowo tj. 7 godzin dziennie od poniedzia\u0142ku do pi\u0105tku. Procesem terapeutycznym obj\u0119te jest 48 os\u00f3b niepe\u0142nosprawnych o schorzeniach intelektualnych i somatycznych.<\/p>\n\n\n\n<figure class=\"wp-block-image size-full\"><img loading=\"lazy\" decoding=\"async\" width=\"380\" height=\"205\" src=\"https:\/\/wtzsroda.pl\/wp-content\/uploads\/2023\/06\/wtz_bottom.jpg\" alt=\"\" class=\"wp-image-58\" srcset=\"https:\/\/wtzsroda.pl\/wp-content\/uploads\/2023\/06\/wtz_bottom.jpg 380w, https:\/\/wtzsroda.pl\/wp-content\/uploads\/2023\/06\/wtz_bottom-300x162.jpg 300w\" sizes=\"auto, (max-width: 380px) 100vw, 380px\" \/><\/figure>\n\n\n\n<p>Zaj\u0119cia pod kierunkiem wykwalifikowanych instruktor\u00f3w terapii zaj\u0119ciowej prowadzone s\u0105 w dw\u00f3ch obiektach w nast\u0119puj\u0105cych pracowniach: gospodarstwa domowego &#8211; 2 grupy krawiecko &#8211; tkackiej komputerowo &#8211; plastycznej r\u0119kodzie\u0142a stolarsko &#8211; \u015blusarskiej poligraficzno &#8211; introligatorskiej bukieciarsko &#8211; ogrodniczej plastycznej<\/p>\n","protected":false},"excerpt":{"rendered":"<p>Warsztat Terapii Zaj\u0119ciowej w \u015arodzie Wlkp. istnieje od stycznia 1999r., a jego jednostk\u0105 prowadz\u0105ca jest Stowarzyszenie Pomocy &#8220;SOS&#8221; w \u015arodzie Wlkp. Plac\u00f3wka realizuje zadania w&hellip;<\/p>\n","protected":false},"author":1,"featured_media":0,"parent":0,"menu_order":0,"comment_status":"closed","ping_status":"closed","template":"","meta":{"footnotes":""},"class_list":["post-39","page","type-page","status-publish","hentry"],"_links":{"self":[{"href":"https:\/\/wtzsroda.pl\/index.php\/wp-json\/wp\/v2\/pages\/39","targetHints":{"allow":["GET"]}}],"collection":[{"href":"https:\/\/wtzsroda.pl\/index.php\/wp-json\/wp\/v2\/pages"}],"about":[{"href":"https:\/\/wtzsroda.pl\/index.php\/wp-json\/wp\/v2\/types\/page"}],"author":[{"embeddable":true,"href":"https:\/\/wtzsroda.pl\/index.php\/wp-json\/wp\/v2\/users\/1"}],"replies":[{"embeddable":true,"href":"https:\/\/wtzsroda.pl\/index.php\/wp-json\/wp\/v2\/comments?post=39"}],"version-history":[{"count":3,"href":"https:\/\/wtzsroda.pl\/index.php\/wp-json\/wp\/v2\/pages\/39\/revisions"}],"predecessor-version":[{"id":59,"href":"https:\/\/wtzsroda.pl\/index.php\/wp-json\/wp\/v2\/pages\/39\/revisions\/59"}],"wp:attachment":[{"href":"https:\/\/wtzsroda.pl\/index.php\/wp-json\/wp\/v2\/media?parent=39"}],"curies":[{"name":"wp","href":"https:\/\/api.w.org\/{rel}","templated":true}]}}