{"id":43,"date":"2023-06-27T09:24:06","date_gmt":"2023-06-27T09:24:06","guid":{"rendered":"https:\/\/wtzsroda.pl\/?page_id=43"},"modified":"2023-06-27T09:41:29","modified_gmt":"2023-06-27T09:41:29","slug":"pracownie","status":"publish","type":"page","link":"https:\/\/wtzsroda.pl\/index.php\/pracownie\/","title":{"rendered":"Pracownie"},"content":{"rendered":"\n<h2 class=\"wp-block-heading\"><canvas width=\"130\" height=\"38\"><\/canvas><\/h2>\n\n\n\n<p>Zaj\u0119cia terapeutyczne prowadzone s\u0105 w o\u015bmiu pracowniach w Warsztacie Terapii Zaj\u0119ciowej w \u015arodzie Wlkp. oraz filii Warsztatu w Chromcu. Ka\u017cda z pracowni usprawnia uczestnik\u00f3w w innej dziedzinie \u017cycia spo\u0142ecznego. W celu zapoznania si\u0119 z dok\u0142adniejszym opisem ka\u017cdej pracowni, prosz\u0119 klikn\u0105\u0107 na linki poni\u017cej.<\/p>\n\n\n\n<h4 class=\"wp-block-heading\"><canvas width=\"90\" height=\"17\"><\/canvas><canvas width=\"54\" height=\"17\"><\/canvas><canvas width=\"43\" height=\"17\"><\/canvas><canvas width=\"93\" height=\"17\"><\/canvas><\/h4>\n\n\n\n<p>Pracownia Gospodarstwa domowegoPracownia Krawiecko &#8211; TkackaPracownia R\u0119kodzie\u0142aPracownia Poligraficzno &#8211; Introligatorska<\/p>\n\n\n\n<h4 class=\"wp-block-heading\"><canvas width=\"90\" height=\"17\"><\/canvas><canvas width=\"54\" height=\"17\"><\/canvas><canvas width=\"43\" height=\"17\"><\/canvas><canvas width=\"91\" height=\"17\"><\/canvas><\/h4>\n\n\n\n<p>Pracownia PlastycznaPracownia Stolarsko &#8211; \u015alusarskaPracownia Komputerowo &#8211; PlastycznaPracownia Gospodarstwa domowego<br>Gabinet Psychologiczno &#8211; LogopedycznySala Og\u00f3lnego Usprawniania<\/p>\n","protected":false},"excerpt":{"rendered":"<p>Zaj\u0119cia terapeutyczne prowadzone s\u0105 w o\u015bmiu pracowniach w Warsztacie Terapii Zaj\u0119ciowej w \u015arodzie Wlkp. oraz filii Warsztatu w Chromcu. Ka\u017cda z pracowni usprawnia uczestnik\u00f3w w&hellip;<\/p>\n","protected":false},"author":1,"featured_media":0,"parent":0,"menu_order":0,"comment_status":"closed","ping_status":"closed","template":"","meta":{"footnotes":""},"class_list":["post-43","page","type-page","status-publish","hentry"],"_links":{"self":[{"href":"https:\/\/wtzsroda.pl\/index.php\/wp-json\/wp\/v2\/pages\/43","targetHints":{"allow":["GET"]}}],"collection":[{"href":"https:\/\/wtzsroda.pl\/index.php\/wp-json\/wp\/v2\/pages"}],"about":[{"href":"https:\/\/wtzsroda.pl\/index.php\/wp-json\/wp\/v2\/types\/page"}],"author":[{"embeddable":true,"href":"https:\/\/wtzsroda.pl\/index.php\/wp-json\/wp\/v2\/users\/1"}],"replies":[{"embeddable":true,"href":"https:\/\/wtzsroda.pl\/index.php\/wp-json\/wp\/v2\/comments?post=43"}],"version-history":[{"count":2,"href":"https:\/\/wtzsroda.pl\/index.php\/wp-json\/wp\/v2\/pages\/43\/revisions"}],"predecessor-version":[{"id":60,"href":"https:\/\/wtzsroda.pl\/index.php\/wp-json\/wp\/v2\/pages\/43\/revisions\/60"}],"wp:attachment":[{"href":"https:\/\/wtzsroda.pl\/index.php\/wp-json\/wp\/v2\/media?parent=43"}],"curies":[{"name":"wp","href":"https:\/\/api.w.org\/{rel}","templated":true}]}}